{"id":51,"date":"2017-06-21T20:47:32","date_gmt":"2017-06-21T20:47:32","guid":{"rendered":"http:\/\/www.hayad.net\/?page_id=51"},"modified":"2026-01-12T16:37:16","modified_gmt":"2026-01-12T13:37:16","slug":"iletisim","status":"publish","type":"page","link":"https:\/\/www.hayad.net\/?page_id=51","title":{"rendered":"\u0130leti\u015fim"},"content":{"rendered":"\n<p class=\"has-text-align-center has-medium-font-size\">+90 (326) 344 36 21<\/p>\n\n\n\n<p class=\"has-text-align-center has-medium-font-size\">Cumhuriyet Mah. 362.Sk. No.11 T\u00fcrkiye \/ Hatay \/ K\u0131r\u0131khan<\/p>\n\n\n\n<p><\/p>\n\n\n\n<p>.<\/p>\n\n\n\n<p class=\"has-text-align-center\">HAYAD 2011 Suriye olaylar\u0131nda kurulmu\u015f bir STK\u2019d\u0131r. Yetimhane, G\u0131da Bankas\u0131, E\u011fitim, Hastane hizmetleri gibi anl\u0131k ihtiya\u00e7 duyulan hizmetleri yapan dernek, Suriye\u2019de Afrin, Cinderes ve Derballut kamp\u0131nda Hastane hizmetleri yan\u0131nda yurt i\u00e7inde ve yurt d\u0131\u015f\u0131nda yard\u0131m hizmetleri yapar.<\/p>\n\n\n\n<p class=\"has-text-align-center\">HAYAD Afrika\u2019da Tanzanya, \u00c7ad, Sri Lanka ve Etiyopya\u2019da Kurban Organizasyonlar\u0131, \u00c7e\u015fme ve Yetimhaneleri ile de hizmet vermektedir.<\/p>\n\n\n\n<p class=\"has-text-align-center\">Deprem b\u00f6lgesi Hatay ve Suriye Cinderes\u2019te e Sa\u011fl\u0131k ve E\u011fitime destek vermektedir.<\/p>\n","protected":false},"excerpt":{"rendered":"<p class=\"qua-blog-post-description\">+90 (326) 344 36 21 Cumhuriyet Mah. 362.Sk. No.11 T\u00fcrkiye \/ Hatay \/ K\u0131r\u0131khan . HAYAD 2011 Suriye olaylar\u0131nda kurulmu\u015f bir STK\u2019d\u0131r. Yetimhane, G\u0131da Bankas\u0131, E\u011fitim, Hastane hizmetleri gibi anl\u0131k ihtiya\u00e7 duyulan hizmetleri yapan dernek, Suriye\u2019de Afrin, Cinderes ve Derballut kamp\u0131nda Hastane hizmetleri yan\u0131nda yurt i\u00e7inde ve yurt d\u0131\u015f\u0131nda yard\u0131m hizmetleri yapar. HAYAD Afrika\u2019da Tanzanya, [&hellip;]<\/p>\n","protected":false},"author":1,"featured_media":0,"parent":0,"menu_order":0,"comment_status":"closed","ping_status":"closed","template":"full-width.php","meta":[],"_links":{"self":[{"href":"https:\/\/www.hayad.net\/index.php?rest_route=\/wp\/v2\/pages\/51"}],"collection":[{"href":"https:\/\/www.hayad.net\/index.php?rest_route=\/wp\/v2\/pages"}],"about":[{"href":"https:\/\/www.hayad.net\/index.php?rest_route=\/wp\/v2\/types\/page"}],"author":[{"embeddable":true,"href":"https:\/\/www.hayad.net\/index.php?rest_route=\/wp\/v2\/users\/1"}],"replies":[{"embeddable":true,"href":"https:\/\/www.hayad.net\/index.php?rest_route=%2Fwp%2Fv2%2Fcomments&post=51"}],"version-history":[{"count":9,"href":"https:\/\/www.hayad.net\/index.php?rest_route=\/wp\/v2\/pages\/51\/revisions"}],"predecessor-version":[{"id":166,"href":"https:\/\/www.hayad.net\/index.php?rest_route=\/wp\/v2\/pages\/51\/revisions\/166"}],"wp:attachment":[{"href":"https:\/\/www.hayad.net\/index.php?rest_route=%2Fwp%2Fv2%2Fmedia&parent=51"}],"curies":[{"name":"wp","href":"https:\/\/api.w.org\/{rel}","templated":true}]}}