{"id":39,"date":"2017-06-21T20:45:48","date_gmt":"2017-06-21T17:45:48","guid":{"rendered":"http:\/\/www.hayad.net\/?page_id=39"},"modified":"2026-01-12T16:35:35","modified_gmt":"2026-01-12T13:35:35","slug":"hakkimizda","status":"publish","type":"page","link":"https:\/\/www.hayad.net\/?page_id=39","title":{"rendered":"Hakk\u0131m\u0131zda"},"content":{"rendered":"\n<p>HAYAD 2011 Suriye olaylar\u0131nda kurulmu\u015f bir STK&#8217;d\u0131r. Yetimhane, G\u0131da Bankas\u0131, E\u011fitim, Hastane hizmetleri gibi anl\u0131k ihtiya\u00e7 duyulan hizmetleri yapan dernek, Suriye&#8217;de Afrin, Cinderes ve Derballut kamp\u0131nda Hastane hizmetleri yan\u0131nda yurt i\u00e7inde ve yurt d\u0131\u015f\u0131nda yard\u0131m hizmetleri yapar.<\/p>\n\n\n\n<p>HAYAD Afrika&#8217;da Tanzanya, \u00c7ad, Sri Lanka ve Etiyopya&#8217;da Kurban Organizasyonlar\u0131, \u00c7e\u015fme ve Yetimhaneleri ile de hizmet vermektedir.<\/p>\n\n\n\n<p>Deprem b\u00f6lgesi Hatay ve Suriye Cinderes&#8217;te e Sa\u011fl\u0131k ve E\u011fitime destek vermektedir.<\/p>\n","protected":false},"excerpt":{"rendered":"<p class=\"qua-blog-post-description\">HAYAD 2011 Suriye olaylar\u0131nda kurulmu\u015f bir STK&#8217;d\u0131r. Yetimhane, G\u0131da Bankas\u0131, E\u011fitim, Hastane hizmetleri gibi anl\u0131k ihtiya\u00e7 duyulan hizmetleri yapan dernek, Suriye&#8217;de Afrin, Cinderes ve Derballut kamp\u0131nda Hastane hizmetleri yan\u0131nda yurt i\u00e7inde ve yurt d\u0131\u015f\u0131nda yard\u0131m hizmetleri yapar. HAYAD Afrika&#8217;da Tanzanya, \u00c7ad, Sri Lanka ve Etiyopya&#8217;da Kurban Organizasyonlar\u0131, \u00c7e\u015fme ve Yetimhaneleri ile de hizmet vermektedir. Deprem [&hellip;]<\/p>\n","protected":false},"author":1,"featured_media":0,"parent":0,"menu_order":0,"comment_status":"closed","ping_status":"closed","template":"full-width.php","meta":[],"_links":{"self":[{"href":"https:\/\/www.hayad.net\/index.php?rest_route=\/wp\/v2\/pages\/39"}],"collection":[{"href":"https:\/\/www.hayad.net\/index.php?rest_route=\/wp\/v2\/pages"}],"about":[{"href":"https:\/\/www.hayad.net\/index.php?rest_route=\/wp\/v2\/types\/page"}],"author":[{"embeddable":true,"href":"https:\/\/www.hayad.net\/index.php?rest_route=\/wp\/v2\/users\/1"}],"replies":[{"embeddable":true,"href":"https:\/\/www.hayad.net\/index.php?rest_route=%2Fwp%2Fv2%2Fcomments&post=39"}],"version-history":[{"count":5,"href":"https:\/\/www.hayad.net\/index.php?rest_route=\/wp\/v2\/pages\/39\/revisions"}],"predecessor-version":[{"id":160,"href":"https:\/\/www.hayad.net\/index.php?rest_route=\/wp\/v2\/pages\/39\/revisions\/160"}],"wp:attachment":[{"href":"https:\/\/www.hayad.net\/index.php?rest_route=%2Fwp%2Fv2%2Fmedia&parent=39"}],"curies":[{"name":"wp","href":"https:\/\/api.w.org\/{rel}","templated":true}]}}