{"id":150,"date":"2018-07-17T16:25:01","date_gmt":"2018-07-17T13:25:01","guid":{"rendered":"http:\/\/www.hayad.net\/?page_id=150"},"modified":"2018-07-17T16:25:01","modified_gmt":"2018-07-17T13:25:01","slug":"hesap-numaralarimiz","status":"publish","type":"page","link":"https:\/\/www.hayad.net\/?page_id=150","title":{"rendered":"Hesap Numaralar\u0131m\u0131z"},"content":{"rendered":"<p>HATAY YARDIMLA\u015eMA DERNE\u011e\u0130<\/p>\n<p><strong>VAKIFBANK TL HESABI<\/strong><\/p>\n<p>HESAP NO: 00158007301230776<\/p>\n<p>\u0130BAN: TR81 0001 5001 5800 7301 2307 76<\/p>\n<p>\u015eUBE: VAKIFBANK KIRIKHAN \u015eUBES\u0130<\/p>\n<p>&nbsp;<\/p>\n<p><strong>VAKIFBANK EURO HESABI<\/strong><\/p>\n<p>HESAP NO: 00158048014122173<\/p>\n<p>\u0130BAN: TR44 0001 5001 5804 8014 1221 73<\/p>\n<p>\u015eUBE: VAKIFBANK KIRIKHAN \u015eUBES\u0130<\/p>\n<p>&nbsp;<\/p>\n<p><strong>VAKIFBANK DOLAR HESABI<\/strong><\/p>\n<p>HESAP NO: 00158048014122161<\/p>\n<p>\u0130BAN: TR77 0001 5001 5804 8014 1221 61<\/p>\n<p>\u015eUBE: VAKIFBANK KIRIKHAN \u015eUBES\u0130<\/p>\n","protected":false},"excerpt":{"rendered":"<p class=\"qua-blog-post-description\">HATAY YARDIMLA\u015eMA DERNE\u011e\u0130 VAKIFBANK TL HESABI HESAP NO: 00158007301230776 \u0130BAN: TR81 0001 5001 5800 7301 2307 76 \u015eUBE: VAKIFBANK KIRIKHAN \u015eUBES\u0130 &nbsp; VAKIFBANK EURO HESABI HESAP NO: 00158048014122173 \u0130BAN: TR44 0001 5001 5804 8014 1221 73 \u015eUBE: VAKIFBANK KIRIKHAN \u015eUBES\u0130 &nbsp; VAKIFBANK DOLAR HESABI HESAP NO: 00158048014122161 \u0130BAN: TR77 0001 5001 5804 8014 1221 61 [&hellip;]<\/p>\n","protected":false},"author":1,"featured_media":0,"parent":0,"menu_order":0,"comment_status":"closed","ping_status":"closed","template":"","meta":[],"_links":{"self":[{"href":"https:\/\/www.hayad.net\/index.php?rest_route=\/wp\/v2\/pages\/150"}],"collection":[{"href":"https:\/\/www.hayad.net\/index.php?rest_route=\/wp\/v2\/pages"}],"about":[{"href":"https:\/\/www.hayad.net\/index.php?rest_route=\/wp\/v2\/types\/page"}],"author":[{"embeddable":true,"href":"https:\/\/www.hayad.net\/index.php?rest_route=\/wp\/v2\/users\/1"}],"replies":[{"embeddable":true,"href":"https:\/\/www.hayad.net\/index.php?rest_route=%2Fwp%2Fv2%2Fcomments&post=150"}],"version-history":[{"count":1,"href":"https:\/\/www.hayad.net\/index.php?rest_route=\/wp\/v2\/pages\/150\/revisions"}],"predecessor-version":[{"id":154,"href":"https:\/\/www.hayad.net\/index.php?rest_route=\/wp\/v2\/pages\/150\/revisions\/154"}],"wp:attachment":[{"href":"https:\/\/www.hayad.net\/index.php?rest_route=%2Fwp%2Fv2%2Fmedia&parent=150"}],"curies":[{"name":"wp","href":"https:\/\/api.w.org\/{rel}","templated":true}]}}